{"id":6451,"date":"2024-06-08T11:23:48","date_gmt":"2024-06-08T11:23:48","guid":{"rendered":"https:\/\/laloufashiontalents.com\/talenti-della-moda-lalou\/"},"modified":"2024-08-13T09:44:24","modified_gmt":"2024-08-13T09:44:24","slug":"talenti-della-moda-lalou","status":"publish","type":"page","link":"https:\/\/laloufashiontalents.com\/it\/talenti-della-moda-lalou\/","title":{"rendered":"Talenti della moda Lalou"},"content":{"rendered":"\t\t<div data-elementor-type=\"wp-page\" data-elementor-id=\"6451\" class=\"elementor elementor-6451 elementor-3529\" data-elementor-post-type=\"page\">\n\t\t\t\t<div class=\"elementor-element elementor-element-d465d3b e-con-full elementor-hidden-mobile e-flex e-con e-parent\" data-id=\"d465d3b\" data-element_type=\"container\">\n\t\t\t\t<div class=\"elementor-element elementor-element-a27aaf4 elementor-widget elementor-widget-image\" data-id=\"a27aaf4\" data-element_type=\"widget\" data-settings=\"{&quot;aos_animation_name&quot;:&quot;none&quot;}\" data-widget_type=\"image.default\">\n\t\t\t\t<div class=\"elementor-widget-container\">\n\t\t\t<style>\/*! elementor - v3.22.0 - 17-06-2024 *\/\n.elementor-widget-image{text-align:center}.elementor-widget-image a{display:inline-block}.elementor-widget-image a img[src$=\".svg\"]{width:48px}.elementor-widget-image img{vertical-align:middle;display:inline-block}<\/style>\t\t\t\t\t\t\t\t\t\t<img fetchpriority=\"high\" decoding=\"async\" width=\"1969\" height=\"517\" src=\"https:\/\/laloufashiontalents.com\/wp-content\/uploads\/2024\/07\/LFT2.jpg\" class=\"attachment-full size-full wp-image-6456\" alt=\"\" srcset=\"https:\/\/laloufashiontalents.com\/wp-content\/uploads\/2024\/07\/LFT2.jpg 1969w, https:\/\/laloufashiontalents.com\/wp-content\/uploads\/2024\/07\/LFT2-300x79.jpg 300w, https:\/\/laloufashiontalents.com\/wp-content\/uploads\/2024\/07\/LFT2-1024x269.jpg 1024w, https:\/\/laloufashiontalents.com\/wp-content\/uploads\/2024\/07\/LFT2-768x202.jpg 768w, https:\/\/laloufashiontalents.com\/wp-content\/uploads\/2024\/07\/LFT2-1536x403.jpg 1536w, https:\/\/laloufashiontalents.com\/wp-content\/uploads\/2024\/07\/LFT2-500x131.jpg 500w, https:\/\/laloufashiontalents.com\/wp-content\/uploads\/2024\/07\/LFT2-800x210.jpg 800w, https:\/\/laloufashiontalents.com\/wp-content\/uploads\/2024\/07\/LFT2-1280x336.jpg 1280w, https:\/\/laloufashiontalents.com\/wp-content\/uploads\/2024\/07\/LFT2-1920x504.jpg 1920w\" sizes=\"(max-width: 1969px) 100vw, 1969px\" \/>\t\t\t\t\t\t\t\t\t\t\t\t\t<\/div>\n\t\t\t\t<\/div>\n\t\t\t\t<\/div>\n\t\t<div class=\"elementor-element elementor-element-454c517 e-con-full elementor-hidden-desktop elementor-hidden-tablet e-flex e-con e-parent\" data-id=\"454c517\" data-element_type=\"container\">\n\t\t\t\t<div class=\"elementor-element elementor-element-b8fd48a elementor-widget elementor-widget-image\" data-id=\"b8fd48a\" data-element_type=\"widget\" data-settings=\"{&quot;aos_animation_name&quot;:&quot;none&quot;}\" data-widget_type=\"image.default\">\n\t\t\t\t<div class=\"elementor-widget-container\">\n\t\t\t\t\t\t\t\t\t\t\t\t\t<img decoding=\"async\" width=\"1024\" height=\"501\" src=\"https:\/\/laloufashiontalents.com\/wp-content\/uploads\/2024\/07\/LFT2-1-1024x501.jpg\" class=\"attachment-large size-large wp-image-6457\" alt=\"\" srcset=\"https:\/\/laloufashiontalents.com\/wp-content\/uploads\/2024\/07\/LFT2-1-1024x501.jpg 1024w, https:\/\/laloufashiontalents.com\/wp-content\/uploads\/2024\/07\/LFT2-1-300x147.jpg 300w, https:\/\/laloufashiontalents.com\/wp-content\/uploads\/2024\/07\/LFT2-1-768x376.jpg 768w, https:\/\/laloufashiontalents.com\/wp-content\/uploads\/2024\/07\/LFT2-1-500x244.jpg 500w, https:\/\/laloufashiontalents.com\/wp-content\/uploads\/2024\/07\/LFT2-1-800x391.jpg 800w, https:\/\/laloufashiontalents.com\/wp-content\/uploads\/2024\/07\/LFT2-1.jpg 1045w\" sizes=\"(max-width: 1024px) 100vw, 1024px\" \/>\t\t\t\t\t\t\t\t\t\t\t\t\t<\/div>\n\t\t\t\t<\/div>\n\t\t\t\t<\/div>\n\t\t<div class=\"elementor-element elementor-element-7aaeb3e e-flex e-con-boxed e-con e-parent\" data-id=\"7aaeb3e\" data-element_type=\"container\">\n\t\t\t\t\t<div class=\"e-con-inner\">\n\t\t\t\t<div class=\"elementor-element elementor-element-fd08207 elementor-widget elementor-widget-heading\" data-id=\"fd08207\" data-element_type=\"widget\" data-settings=\"{&quot;aos_animation_name&quot;:&quot;none&quot;}\" data-widget_type=\"heading.default\">\n\t\t\t\t<div class=\"elementor-widget-container\">\n\t\t\t<style>\/*! elementor - v3.22.0 - 17-06-2024 *\/\n.elementor-heading-title{padding:0;margin:0;line-height:1}.elementor-widget-heading .elementor-heading-title[class*=elementor-size-]>a{color:inherit;font-size:inherit;line-height:inherit}.elementor-widget-heading .elementor-heading-title.elementor-size-small{font-size:15px}.elementor-widget-heading .elementor-heading-title.elementor-size-medium{font-size:19px}.elementor-widget-heading .elementor-heading-title.elementor-size-large{font-size:29px}.elementor-widget-heading .elementor-heading-title.elementor-size-xl{font-size:39px}.elementor-widget-heading .elementor-heading-title.elementor-size-xxl{font-size:59px}<\/style><h2 class=\"elementor-heading-title elementor-size-default\">TALENTI DELLA MODA LALOU<\/h2>\t\t<\/div>\n\t\t\t\t<\/div>\n\t\t\t\t<div class=\"elementor-element elementor-element-e18cecf elementor-widget elementor-widget-text-editor\" data-id=\"e18cecf\" data-element_type=\"widget\" data-settings=\"{&quot;aos_animation_name&quot;:&quot;none&quot;}\" data-widget_type=\"text-editor.default\">\n\t\t\t\t<div class=\"elementor-widget-container\">\n\t\t\t<style>\/*! elementor - v3.22.0 - 17-06-2024 *\/\n.elementor-widget-text-editor.elementor-drop-cap-view-stacked .elementor-drop-cap{background-color:#69727d;color:#fff}.elementor-widget-text-editor.elementor-drop-cap-view-framed .elementor-drop-cap{color:#69727d;border:3px solid;background-color:transparent}.elementor-widget-text-editor:not(.elementor-drop-cap-view-default) .elementor-drop-cap{margin-top:8px}.elementor-widget-text-editor:not(.elementor-drop-cap-view-default) .elementor-drop-cap-letter{width:1em;height:1em}.elementor-widget-text-editor .elementor-drop-cap{float:left;text-align:center;line-height:1;font-size:50px}.elementor-widget-text-editor .elementor-drop-cap-letter{display:inline-block}<\/style>\t\t\t\t<p><strong><br \/><\/strong><br \/>Per marcare una differenza, per suggerire l&#8217;interattivit\u00e0 tra arte e moda e per incoraggiare l&#8217;interpretazione di ogni cliente, <strong>Lalou Fashion Talents<\/strong> presenta le <strong>diverse creazioni in bozzetti<\/strong>: <strong>un concentrato di idee e creativit\u00e0.<\/strong> Si tratta di uno stile <strong> <strong>di lusso<\/strong>, una <strong>sottile miscela di eccentricit\u00e0 e anticonformismo<\/strong>.<br \/>\nPu\u00f2 essere minimalista, senza tempo o intrigante e ti invita a &#8220;scegliere&#8221; per creare la tua &#8220;identit\u00e0&#8221; e inventare il tuo &#8220;guardaroba&#8221;.<\/strong> <\/p>\n<p>Le creazioni di<strong>Alain Lalou<\/strong>, dove<strong> la magia \u00e8 nei dettagli<\/strong>, sono simili a un &#8220;chiaroscuro&#8221;.<strong><em>chiaroscuro<\/em><\/strong>una sorta di trasparenza opaca che incoraggia i clienti a creare connessioni segrete con le sue creazioni.<\/p>\n<p>Questa dimensione creativa ha spinto diverse universit\u00e0, soprattutto negli Stati Uniti, a chiedere ad <strong>Alain Lalou<\/strong> di tenere <strong>lezioni sui suoi processi creativi<\/strong> e sul <strong>marketing<\/strong> e ha portato ai <strong>corsi di formazione<\/strong> che organizza <strong>a Parigi<\/strong>.<br \/>\n(I dettagli dei corsi offerti sono disponibili alla pagina <em>Corsi di formazione a Parigi)<\/em>. <\/p>\n\t\t\t\t\t\t<\/div>\n\t\t\t\t<\/div>\n\t\t\t\t\t<\/div>\n\t\t\t\t<\/div>\n\t\t\t\t<\/div>\n\t\t","protected":false},"excerpt":{"rendered":"<p>TALENTI DELLA MODA LALOU Per marcare una differenza, per suggerire l&#8217;interattivit\u00e0 tra arte e moda e per incoraggiare l&#8217;interpretazione di ogni cliente, Lalou Fashion Talents presenta le diverse creazioni in bozzetti: un concentrato di idee e creativit\u00e0. Si tratta di uno stile di lusso, una sottile miscela di eccentricit\u00e0 e anticonformismo. Pu\u00f2 essere minimalista, senza [&hellip;]<\/p>\n","protected":false},"author":1,"featured_media":0,"parent":0,"menu_order":0,"comment_status":"closed","ping_status":"closed","template":"template-custom-page.php","meta":{"_acf_changed":false,"_seopress_robots_primary_cat":"","_seopress_titles_title":"LALOU FASHION TALENTS: Lusso e creativit\u00e0 a Parigi","_seopress_titles_desc":"Scopri le creazioni uniche e lussuose di Alain Lalou, un mix di eccentricit\u00e0 e anticonformismo.\nEsplora l'arte e la moda in modo interattivo e lasciati sedurre da uno stile minimalista, senza tempo e intrigante.\nSono disponibili stage a Parigi.  ","_seopress_robots_index":"","_vp_format_video_url":"","_vp_image_focal_point":[],"footnotes":""},"acf":[],"_links":{"self":[{"href":"https:\/\/laloufashiontalents.com\/it\/wp-json\/wp\/v2\/pages\/6451"}],"collection":[{"href":"https:\/\/laloufashiontalents.com\/it\/wp-json\/wp\/v2\/pages"}],"about":[{"href":"https:\/\/laloufashiontalents.com\/it\/wp-json\/wp\/v2\/types\/page"}],"author":[{"embeddable":true,"href":"https:\/\/laloufashiontalents.com\/it\/wp-json\/wp\/v2\/users\/1"}],"replies":[{"embeddable":true,"href":"https:\/\/laloufashiontalents.com\/it\/wp-json\/wp\/v2\/comments?post=6451"}],"version-history":[{"count":2,"href":"https:\/\/laloufashiontalents.com\/it\/wp-json\/wp\/v2\/pages\/6451\/revisions"}],"predecessor-version":[{"id":6467,"href":"https:\/\/laloufashiontalents.com\/it\/wp-json\/wp\/v2\/pages\/6451\/revisions\/6467"}],"wp:attachment":[{"href":"https:\/\/laloufashiontalents.com\/it\/wp-json\/wp\/v2\/media?parent=6451"}],"curies":[{"name":"wp","href":"https:\/\/api.w.org\/{rel}","templated":true}]}}