{"id":6445,"date":"2024-06-09T16:05:09","date_gmt":"2024-06-09T16:05:09","guid":{"rendered":"https:\/\/laloufashiontalents.com\/informazioni-legali\/"},"modified":"2025-05-05T10:40:06","modified_gmt":"2025-05-05T10:40:06","slug":"mentions-legales","status":"publish","type":"page","link":"https:\/\/laloufashiontalents.com\/it\/mentions-legales\/","title":{"rendered":"Mentions l\u00e9gales"},"content":{"rendered":"\t\t<div data-elementor-type=\"wp-page\" data-elementor-id=\"6445\" class=\"elementor elementor-6445 elementor-4033\" data-elementor-post-type=\"page\">\n\t\t\t\t<div class=\"elementor-element elementor-element-817ce13 e-flex e-con-boxed e-con e-parent\" data-id=\"817ce13\" data-element_type=\"container\">\n\t\t\t\t\t<div class=\"e-con-inner\">\n\t\t\t\t<div class=\"elementor-element elementor-element-5898b7e elementor-widget elementor-widget-text-editor\" data-id=\"5898b7e\" data-element_type=\"widget\" data-settings=\"{&quot;aos_animation_name&quot;:&quot;none&quot;}\" data-widget_type=\"text-editor.default\">\n\t\t\t\t<div class=\"elementor-widget-container\">\n\t\t\t<style>\/*! elementor - v3.22.0 - 17-06-2024 *\/\n.elementor-widget-text-editor.elementor-drop-cap-view-stacked .elementor-drop-cap{background-color:#69727d;color:#fff}.elementor-widget-text-editor.elementor-drop-cap-view-framed .elementor-drop-cap{color:#69727d;border:3px solid;background-color:transparent}.elementor-widget-text-editor:not(.elementor-drop-cap-view-default) .elementor-drop-cap{margin-top:8px}.elementor-widget-text-editor:not(.elementor-drop-cap-view-default) .elementor-drop-cap-letter{width:1em;height:1em}.elementor-widget-text-editor .elementor-drop-cap{float:left;text-align:center;line-height:1;font-size:50px}.elementor-widget-text-editor .elementor-drop-cap-letter{display:inline-block}<\/style>\t\t\t\t<div><p class=\"break-words\" dir=\"auto\"><strong>Mentions l\u00e9gales<\/strong><\/p><p class=\"break-words\" dir=\"auto\"><strong>Introduction<\/strong><\/p><p class=\"break-words\" dir=\"auto\">alainlalou.com est sous la protection juridique de <strong>ALAIN LALOU Soci\u00e9t\u00e9 en cours de constitution<\/strong> et constitue une partie de sa repr\u00e9sentation num\u00e9rique. Vous trouverez ci-dessous toutes les informations l\u00e9gales relatives \u00e0 <strong>ALAIN LALOU Soci\u00e9t\u00e9 en cours de constitution<\/strong>.<\/p><p class=\"break-words\" dir=\"auto\"><strong>Contenus<\/strong><\/p><p class=\"break-words\" dir=\"auto\"><strong>ALAIN LALOU Soci\u00e9t\u00e9 en cours de constitution<\/strong> se r\u00e9serve le droit de corriger \u00e0 tout moment et sans pr\u00e9avis le contenu de ses sites et d\u00e9cline toute responsabilit\u00e9 en cas de retard, d\u2019erreur ou d\u2019omission quant au contenu des pages de ce site, ainsi qu\u2019en cas d\u2019interruption ou d\u2019indisponibilit\u00e9. L\u2019ensemble des informations commerciales relatives aux services pr\u00e9sent\u00e9s sur ce site est non contractuel et sujet \u00e0 modification sans pr\u00e9avis.<\/p><p class=\"break-words\" dir=\"auto\"><strong>Acc\u00e8s et disponibilit\u00e9 du site<\/strong><\/p><p class=\"break-words\" dir=\"auto\">L\u2019utilisateur du site reconna\u00eet disposer de la comp\u00e9tence et des moyens n\u00e9cessaires pour l\u2019utilisation de ce site. <strong>ALAIN LALOU Soci\u00e9t\u00e9 en cours de constitution<\/strong> ne saurait en aucun cas \u00eatre tenu responsable d\u2019\u00e9v\u00e9nements hors de son contr\u00f4le qui pourraient \u00e9ventuellement affecter l\u2019environnement technique de l\u2019utilisateur, ni d\u2019une indisponibilit\u00e9 du site pour quelque raison que ce soit.<\/p><p class=\"break-words\" dir=\"auto\"><strong>\u00c9tablir un lien<\/strong><\/p><p class=\"break-words\" dir=\"auto\">Vous pouvez cr\u00e9er un lien vers la page d\u2019accueil de ce site sans autorisation expresse. Aucune autorisation ou demande d\u2019information pr\u00e9alable ne peut \u00eatre exig\u00e9e par l\u2019\u00e9diteur \u00e0 l\u2019\u00e9gard d\u2019un site qui souhaite \u00e9tablir un lien vers le site de l\u2019\u00e9diteur. Il convient toutefois d\u2019afficher ce site dans une nouvelle fen\u00eatre du navigateur. Cependant, l\u2019\u00e9diteur se r\u00e9serve le droit de demander la suppression d\u2019un lien qu\u2019il estime non conforme \u00e0 l\u2019objet du pr\u00e9sent site ou aux valeurs de <strong>ALAIN LALOU Soci\u00e9t\u00e9 en cours de constitution<\/strong>.<\/p><p class=\"break-words\" dir=\"auto\"><strong>Directeur de publication<\/strong><\/p><p class=\"break-words\" dir=\"auto\"><strong>ALAIN LALOU Soci\u00e9t\u00e9 en cours de constitution<\/strong> &#8211; Licence mondiale<\/p><p class=\"break-words\" dir=\"auto\"><strong>Prestataires<\/strong><\/p><p class=\"break-words\" dir=\"auto\">Alain Lalou<\/p><p class=\"break-words\" dir=\"auto\"><strong>Identification de l\u2019\u00e9diteur<\/strong><\/p><p class=\"break-words\" dir=\"auto\"><strong>ALAIN LALOU Soci\u00e9t\u00e9 en cours de constitution<\/strong><br \/>101 rue de S\u00e8vres, 75007 Paris, France<\/p><p class=\"break-words\" dir=\"auto\"><strong>Informations l\u00e9gales de l\u2019\u00e9diteur<\/strong><\/p><p class=\"break-words\" dir=\"auto\">Num\u00e9ro de T.V.A. : T.V.A. non applicable<br \/>Contact : <a href=\"mailto:contact@laloufashiontalents.com\" target=\"_blank\" rel=\"noopener noreferrer\">contact@laloufashiontalents.com<\/a><\/p><p class=\"break-words\" dir=\"auto\"><strong>Propri\u00e9t\u00e9 intellectuelle<\/strong><\/p><p class=\"break-words\" dir=\"auto\">Droit de reproduction : Tous nos sites et leur contenu font l\u2019objet d\u2019une protection l\u00e9gale au titre de la propri\u00e9t\u00e9 litt\u00e9raire et artistique (droit d\u2019auteur) et de la propri\u00e9t\u00e9 industrielle (marques, concepts, dessins et mod\u00e8les). L\u2019utilisation du site est limit\u00e9e \u00e0 la consultation, l\u2019\u00e9dition et\/ou l\u2019impression de tout ou partie du site pour un usage strictement individuel ou priv\u00e9.<\/p><p class=\"break-words\" dir=\"auto\">Le non-respect de ces r\u00e8gles peut entra\u00eener la responsabilit\u00e9 civile et p\u00e9nale du contrevenant.<\/p><p class=\"break-words\" dir=\"auto\">Rappel des lois r\u00e9gissant ces r\u00e8gles de propri\u00e9t\u00e9 :<\/p><p class=\"break-words\" dir=\"auto\">Art. L. 335-2. Toute \u00e9dition d\u2019\u00e9crits, de composition musicale, de dessin, de peinture ou de toute autre production imprim\u00e9e ou grav\u00e9e en entier ou en partie, au m\u00e9pris des lois et r\u00e8glements relatifs \u00e0 la propri\u00e9t\u00e9 des auteurs, est une contrefa\u00e7on ; et toute contrefa\u00e7on est un d\u00e9lit. La contrefa\u00e7on en France d\u2019ouvrages publi\u00e9s en France ou \u00e0 l\u2019\u00e9tranger est punie de trois ans d\u2019emprisonnement et de 300 000 euros d\u2019amende. Seront punis des m\u00eames peines le d\u00e9bit, l\u2019exportation et l\u2019importation des ouvrages contrefaits.<\/p><p class=\"break-words\" dir=\"auto\">Art. L. 336-3. Est \u00e9galement un d\u00e9lit de contrefa\u00e7on toute reproduction, repr\u00e9sentation ou diffusion, par quelque moyen que ce soit, d\u2019une \u0153uvre de l\u2019esprit en violation des droits de l\u2019auteur, tels qu\u2019ils sont d\u00e9finis et r\u00e9glement\u00e9s par la loi. Est \u00e9galement un d\u00e9lit de contrefa\u00e7on la violation de l\u2019un des droits de l\u2019auteur de logiciel.<\/p><p class=\"break-words\" dir=\"auto\">Un site Internet est l\u00e9galement consid\u00e9r\u00e9 comme un logiciel.<\/p><p class=\"break-words\" dir=\"auto\">De mani\u00e8re g\u00e9n\u00e9rale, il est interdit de reproduire, de publier ou de diffuser, et plus largement d\u2019utiliser de quelque fa\u00e7on que ce soit, sauf accord pr\u00e9alable et \u00e9crit de <strong>ALAIN LALOU Soci\u00e9t\u00e9 en cours de constitution<\/strong>, des informations ou \u00e9l\u00e9ments obtenus \u00e0 partir de nos sites et dont les droits de propri\u00e9t\u00e9 intellectuelle qui y sont attach\u00e9s appartiennent \u00e0 <strong>ALAIN LALOU Soci\u00e9t\u00e9 en cours de constitution<\/strong>, sous peine de voir engager sa responsabilit\u00e9 au titre d\u2019une action en revendication et\/ou contrefa\u00e7on.<\/p><p class=\"break-words\" dir=\"auto\"><strong>Liens hypertextes &#8211; Responsabilit\u00e9 de ALAIN LALOU Soci\u00e9t\u00e9 en cours de constitution<\/strong><\/p><p class=\"break-words\" dir=\"auto\">Nos sites peuvent proposer des liens vers d\u2019autres sites, essentiellement vers les sites de nos partenaires. Nous v\u00e9rifions syst\u00e9matiquement l\u2019int\u00e9grit\u00e9 des sites que nous vous proposons de visiter. Cependant, ces pages web ne font pas partie de alainlalou.com. Elles n\u2019engagent pas notre responsabilit\u00e9.<\/p><p class=\"break-words\" dir=\"auto\"><strong>H\u00e9bergement<\/strong><\/p><p class=\"break-words\" dir=\"auto\">OVH.com<\/p><\/div>\t\t\t\t\t\t<\/div>\n\t\t\t\t<\/div>\n\t\t\t\t\t<\/div>\n\t\t\t\t<\/div>\n\t\t\t\t<\/div>\n\t\t","protected":false},"excerpt":{"rendered":"<p>Mentions l\u00e9gales Introduction alainlalou.com est sous la protection juridique de ALAIN LALOU Soci\u00e9t\u00e9 en cours de constitution et constitue une partie de sa repr\u00e9sentation num\u00e9rique. Vous trouverez ci-dessous toutes les informations l\u00e9gales relatives \u00e0 ALAIN LALOU Soci\u00e9t\u00e9 en cours de constitution. Contenus ALAIN LALOU Soci\u00e9t\u00e9 en cours de constitution se r\u00e9serve le droit de corriger [&hellip;]<\/p>\n","protected":false},"author":1,"featured_media":0,"parent":0,"menu_order":0,"comment_status":"closed","ping_status":"closed","template":"","meta":{"_acf_changed":false,"_seopress_robots_primary_cat":"","_seopress_titles_title":"Mentions l\u00e9gales Lalou Talents S.A.R.L. : droits d'auteur et propri\u00e9t\u00e9 intellectuelle","_seopress_titles_desc":"Trouvez toutes les informations l\u00e9gales concernant Lalou Talents S.A.R.L. sur alainlalou.com. Profitez des services pr\u00e9sent\u00e9s sur le site. Mention l\u00e9gale sur la propri\u00e9t\u00e9 intellectuelle.","_seopress_robots_index":"","_vp_format_video_url":"","_vp_image_focal_point":[],"footnotes":""},"acf":[],"_links":{"self":[{"href":"https:\/\/laloufashiontalents.com\/it\/wp-json\/wp\/v2\/pages\/6445"}],"collection":[{"href":"https:\/\/laloufashiontalents.com\/it\/wp-json\/wp\/v2\/pages"}],"about":[{"href":"https:\/\/laloufashiontalents.com\/it\/wp-json\/wp\/v2\/types\/page"}],"author":[{"embeddable":true,"href":"https:\/\/laloufashiontalents.com\/it\/wp-json\/wp\/v2\/users\/1"}],"replies":[{"embeddable":true,"href":"https:\/\/laloufashiontalents.com\/it\/wp-json\/wp\/v2\/comments?post=6445"}],"version-history":[{"count":3,"href":"https:\/\/laloufashiontalents.com\/it\/wp-json\/wp\/v2\/pages\/6445\/revisions"}],"predecessor-version":[{"id":6692,"href":"https:\/\/laloufashiontalents.com\/it\/wp-json\/wp\/v2\/pages\/6445\/revisions\/6692"}],"wp:attachment":[{"href":"https:\/\/laloufashiontalents.com\/it\/wp-json\/wp\/v2\/media?parent=6445"}],"curies":[{"name":"wp","href":"https:\/\/api.w.org\/{rel}","templated":true}]}}