{"id":6385,"date":"2022-10-10T09:33:12","date_gmt":"2022-10-10T09:33:12","guid":{"rendered":"https:\/\/laloufashiontalents.com\/alain-lalou\/"},"modified":"2024-08-13T09:41:42","modified_gmt":"2024-08-13T09:41:42","slug":"alain-lalou","status":"publish","type":"page","link":"https:\/\/laloufashiontalents.com\/it\/alain-lalou\/","title":{"rendered":"ALAIN LALOU"},"content":{"rendered":"\t\t<div data-elementor-type=\"wp-page\" data-elementor-id=\"6385\" class=\"elementor elementor-6385 elementor-3433\" data-elementor-post-type=\"page\">\n\t\t\t\t<div class=\"elementor-element elementor-element-6c7459f e-con-full elementor-hidden-mobile e-flex e-con e-parent\" data-id=\"6c7459f\" data-element_type=\"container\">\n\t\t\t\t<div class=\"elementor-element elementor-element-60e515a elementor-widget elementor-widget-image\" data-id=\"60e515a\" data-element_type=\"widget\" data-settings=\"{&quot;aos_animation_name&quot;:&quot;none&quot;}\" data-widget_type=\"image.default\">\n\t\t\t\t<div class=\"elementor-widget-container\">\n\t\t\t<style>\/*! elementor - v3.22.0 - 17-06-2024 *\/\n.elementor-widget-image{text-align:center}.elementor-widget-image a{display:inline-block}.elementor-widget-image a img[src$=\".svg\"]{width:48px}.elementor-widget-image img{vertical-align:middle;display:inline-block}<\/style>\t\t\t\t\t\t\t\t\t\t<img fetchpriority=\"high\" decoding=\"async\" width=\"1969\" height=\"517\" src=\"https:\/\/laloufashiontalents.com\/wp-content\/uploads\/2024\/07\/AlainLalou.jpg\" class=\"attachment-full size-full wp-image-6401\" alt=\"\" srcset=\"https:\/\/laloufashiontalents.com\/wp-content\/uploads\/2024\/07\/AlainLalou.jpg 1969w, https:\/\/laloufashiontalents.com\/wp-content\/uploads\/2024\/07\/AlainLalou-300x79.jpg 300w, https:\/\/laloufashiontalents.com\/wp-content\/uploads\/2024\/07\/AlainLalou-1024x269.jpg 1024w, https:\/\/laloufashiontalents.com\/wp-content\/uploads\/2024\/07\/AlainLalou-768x202.jpg 768w, https:\/\/laloufashiontalents.com\/wp-content\/uploads\/2024\/07\/AlainLalou-1536x403.jpg 1536w, https:\/\/laloufashiontalents.com\/wp-content\/uploads\/2024\/07\/AlainLalou-500x131.jpg 500w, https:\/\/laloufashiontalents.com\/wp-content\/uploads\/2024\/07\/AlainLalou-800x210.jpg 800w, https:\/\/laloufashiontalents.com\/wp-content\/uploads\/2024\/07\/AlainLalou-1280x336.jpg 1280w, https:\/\/laloufashiontalents.com\/wp-content\/uploads\/2024\/07\/AlainLalou-1920x504.jpg 1920w\" sizes=\"(max-width: 1969px) 100vw, 1969px\" \/>\t\t\t\t\t\t\t\t\t\t\t\t\t<\/div>\n\t\t\t\t<\/div>\n\t\t\t\t<\/div>\n\t\t<div class=\"elementor-element elementor-element-2a50203 e-con-full elementor-hidden-desktop elementor-hidden-tablet e-flex e-con e-parent\" data-id=\"2a50203\" data-element_type=\"container\">\n\t\t\t\t<div class=\"elementor-element elementor-element-4ed8793 elementor-widget elementor-widget-image\" data-id=\"4ed8793\" data-element_type=\"widget\" data-settings=\"{&quot;aos_animation_name&quot;:&quot;none&quot;}\" data-widget_type=\"image.default\">\n\t\t\t\t<div class=\"elementor-widget-container\">\n\t\t\t\t\t\t\t\t\t\t\t\t\t<img decoding=\"async\" width=\"739\" height=\"517\" src=\"https:\/\/laloufashiontalents.com\/wp-content\/uploads\/2024\/08\/AlainLalou-mobile.jpg\" class=\"attachment-large size-large wp-image-6402\" alt=\"\" srcset=\"https:\/\/laloufashiontalents.com\/wp-content\/uploads\/2024\/08\/AlainLalou-mobile.jpg 739w, https:\/\/laloufashiontalents.com\/wp-content\/uploads\/2024\/08\/AlainLalou-mobile-300x210.jpg 300w, https:\/\/laloufashiontalents.com\/wp-content\/uploads\/2024\/08\/AlainLalou-mobile-500x350.jpg 500w\" sizes=\"(max-width: 739px) 100vw, 739px\" \/>\t\t\t\t\t\t\t\t\t\t\t\t\t<\/div>\n\t\t\t\t<\/div>\n\t\t\t\t<\/div>\n\t\t\t\t<section data-jarallax-video=\"\" data-speed=\"\" data-img-position=\"\" class=\"elementor-section elementor-top-section elementor-element elementor-element-7e43d0e elementor-section-height-min-height elementor-section-items-stretch jarallax elementor-hidden-mobile elementor-hidden-tablet elementor-hidden-desktop elementor-section-boxed elementor-section-height-default\" data-id=\"7e43d0e\" data-element_type=\"section\" data-settings=\"{&quot;background_background&quot;:&quot;classic&quot;,&quot;aos_animation_name&quot;:&quot;none&quot;}\">\n\t\t\t\t\t\t\t<div class=\"elementor-background-overlay\"><\/div>\n\t\t\t\t\t\t\t<div class=\"elementor-container elementor-column-gap-extended\">\n\t\t\t\t\t<div data-img-position=\"\" class=\"elementor-column elementor-col-33 elementor-top-column elementor-element elementor-element-92ff7fc elementor-hidden-tablet elementor-hidden-mobile\" data-id=\"92ff7fc\" data-element_type=\"column\" data-settings=\"{&quot;aos_animation_name&quot;:&quot;none&quot;}\">\n\t\t\t<div class=\"elementor-widget-wrap\">\n\t\t\t\t\t\t\t<\/div>\n\t\t<\/div>\n\t\t\t\t<div data-img-position=\"\" class=\"elementor-column elementor-col-33 elementor-top-column elementor-element elementor-element-0926f7c has-shape-parent\" data-id=\"0926f7c\" data-element_type=\"column\" data-settings=\"{&quot;aos_animation_name&quot;:&quot;none&quot;}\">\n\t\t\t<div class=\"elementor-widget-wrap elementor-element-populated\">\n\t\t\t\t\t\t<div data-aos=\"custom\" data-aos-once=\"true\" class=\"elementor-element elementor-element-aee3c46 elementor-widget__width-initial elementor-widget elementor-widget-vlt-heading\" data-id=\"aee3c46\" data-element_type=\"widget\" data-settings=\"{&quot;aos_animation_name&quot;:&quot;custom&quot;}\" data-widget_type=\"vlt-heading.default\">\n\t\t\t\t<div class=\"elementor-widget-container\">\n\t\t\t\n\t\t<h1 class=\"vlt-heading\">\n\n\t\t\t\n\t\t\t\t\t\t\tAlain Lalou\t\t\t\n\t\t\t\n\t\t<\/h1>\n\n\t\t\t<\/div>\n\t\t\t\t<\/div>\n\t\t\t\t\t<\/div>\n\t\t<\/div>\n\t\t\t\t<div data-img-position=\"\" class=\"elementor-column elementor-col-33 elementor-top-column elementor-element elementor-element-bba4b08 elementor-hidden-tablet elementor-hidden-mobile\" data-id=\"bba4b08\" data-element_type=\"column\" data-settings=\"{&quot;aos_animation_name&quot;:&quot;none&quot;}\">\n\t\t\t<div class=\"elementor-widget-wrap\">\n\t\t\t\t\t\t\t<\/div>\n\t\t<\/div>\n\t\t\t\t\t<\/div>\n\t\t<\/section>\n\t\t<div class=\"elementor-element elementor-element-30803de e-flex e-con-boxed e-con e-parent\" data-id=\"30803de\" data-element_type=\"container\">\n\t\t\t\t\t<div class=\"e-con-inner\">\n\t\t\t\t<div class=\"elementor-element elementor-element-50dbc8f elementor-widget elementor-widget-heading\" data-id=\"50dbc8f\" data-element_type=\"widget\" data-settings=\"{&quot;aos_animation_name&quot;:&quot;none&quot;}\" data-widget_type=\"heading.default\">\n\t\t\t\t<div class=\"elementor-widget-container\">\n\t\t\t<style>\/*! elementor - v3.22.0 - 17-06-2024 *\/\n.elementor-heading-title{padding:0;margin:0;line-height:1}.elementor-widget-heading .elementor-heading-title[class*=elementor-size-]>a{color:inherit;font-size:inherit;line-height:inherit}.elementor-widget-heading .elementor-heading-title.elementor-size-small{font-size:15px}.elementor-widget-heading .elementor-heading-title.elementor-size-medium{font-size:19px}.elementor-widget-heading .elementor-heading-title.elementor-size-large{font-size:29px}.elementor-widget-heading .elementor-heading-title.elementor-size-xl{font-size:39px}.elementor-widget-heading .elementor-heading-title.elementor-size-xxl{font-size:59px}<\/style><h2 class=\"elementor-heading-title elementor-size-default\">ALAIN LALOU<\/h2>\t\t<\/div>\n\t\t\t\t<\/div>\n\t\t\t\t<div class=\"elementor-element elementor-element-a1126c6 elementor-widget elementor-widget-text-editor\" data-id=\"a1126c6\" data-element_type=\"widget\" data-settings=\"{&quot;aos_animation_name&quot;:&quot;none&quot;}\" data-widget_type=\"text-editor.default\">\n\t\t\t\t<div class=\"elementor-widget-container\">\n\t\t\t<style>\/*! elementor - v3.22.0 - 17-06-2024 *\/\n.elementor-widget-text-editor.elementor-drop-cap-view-stacked .elementor-drop-cap{background-color:#69727d;color:#fff}.elementor-widget-text-editor.elementor-drop-cap-view-framed .elementor-drop-cap{color:#69727d;border:3px solid;background-color:transparent}.elementor-widget-text-editor:not(.elementor-drop-cap-view-default) .elementor-drop-cap{margin-top:8px}.elementor-widget-text-editor:not(.elementor-drop-cap-view-default) .elementor-drop-cap-letter{width:1em;height:1em}.elementor-widget-text-editor .elementor-drop-cap{float:left;text-align:center;line-height:1;font-size:50px}.elementor-widget-text-editor .elementor-drop-cap-letter{display:inline-block}<\/style>\t\t\t\t<p><strong>&#8220;Ogni scrittore crea i propri precursori. Le loro opere cambiano la nostra concezione del passato cos\u00ec come cambieranno il futuro&#8221;<\/strong>,<\/p>\n<p style=\"text-align: right;\"><strong>(Jose Luis Borgues)<\/strong><\/p>\n<p>(sostituisci scrittore con stilista).&nbsp;<\/p>\n<p>Dopo molti successi:&nbsp;<\/p>\n<p>&nbsp;&#8211; In<strong> Francia, <\/strong><strong> Italia e Spagna<\/strong>, come designer freelance, ha creato numerose collezioni per vari marchi e organizzazioni di moda come :<\/p>\n<ul>\n<li><strong>Woolmark<\/strong> (la federazione internazionale per la promozione della lana), per i tessuti,<\/li>\n<li>la Federazione dei gioielli <strong>Bijhorca<\/strong> per i gioielli,<\/li>\n<li><strong>Adidas<\/strong> per il tennis e l&#8217;abbigliamento sportivo,<\/li>\n<li>Numerose aziende di moda e di tessuti,<\/li>\n<li>ecc.&nbsp;<\/li>\n<\/ul>\n<p>&nbsp;&nbsp;&#8211; In<strong> Giappone ha<\/strong> firmato<strong>licenze<\/strong> con la catena di<strong>grandi magazzini &#8216;Daimaru&#8217;<\/strong>, aprendo pi\u00f9 di 50 punti vendita in tutto il Giappone per il pr\u00eat-\u00e0-porter e le borse da donna, uomo e bambino.&nbsp;<\/p>\n<p>&#8211; Negli <strong>Stati Uniti<\/strong>, la sua collezione di abiti da sposa \u00e8 stata esposta presso <strong>Lalique US<\/strong>, uno dei principali marchi francesi di cristallo pregiato, e venduta presso <strong>Saks Fifth Avenue<\/strong> in diverse citt\u00e0 americane (New York, Houston, Atlanta, Beverly Hills, Ball Harbour&#8230;). Una delle sue creazioni \u00e8 stata l&#8217;emblema della bandiera del grande evento di lusso organizzato da <strong>Vogue Conde Nast<\/strong> a New York: <strong>&#8220;The Wedding March on Madison<\/strong> &#8221; (vedi foto).&nbsp;<\/p>\n<p>Alain Lalou ha vestito <strong>regine, attrici e donne di potere<\/strong>.  &nbsp;<\/p>\n<p><strong>Le sue creazioni, piene di seduzione e mistero, ci invitano a decifrarle<\/strong>. Tracce di opere d&#8217;arte (libri, opere d&#8217;arte&#8230;) possono talvolta essere viste nelle sue creazioni.&nbsp;<\/p>\n<p>Alain Lalou ha naturalmente <strong>esteso le sue attivit\u00e0 ad altri settori della moda <\/strong>, come l&#8217;<strong>insegnamento<\/strong>, con un <strong>impegno all&#8217;eccellenza<\/strong>.&nbsp;<\/p>\n<p>&nbsp;Il suo approccio multiculturale e le sue capacit\u00e0 di docente gli hanno permesso di trasmettere le sue conoscenze a numerosi gruppi di studenti provenienti da oltre cinquanta universit\u00e0, la maggior parte delle quali americane).&nbsp;<\/p>\n<p>Multilingue e cosmopolita, analizza il suo tempo e lo trasforma in materiale creativo.<\/p>\t\t\t\t\t\t<\/div>\n\t\t\t\t<\/div>\n\t\t\t\t\t<\/div>\n\t\t\t\t<\/div>\n\t\t\t\t<\/div>\n\t\t","protected":false},"excerpt":{"rendered":"<p>Alain Lalou ALAIN LALOU &#8220;Ogni scrittore crea i propri precursori. Le loro opere cambiano la nostra concezione del passato cos\u00ec come cambieranno il futuro&#8221;, (Jose Luis Borgues) (sostituisci scrittore con stilista).&nbsp; Dopo molti successi:&nbsp; &nbsp;&#8211; In Francia, Italia e Spagna, come designer freelance, ha creato numerose collezioni per vari marchi e organizzazioni di moda come [&hellip;]<\/p>\n","protected":false},"author":1,"featured_media":0,"parent":0,"menu_order":0,"comment_status":"closed","ping_status":"closed","template":"template-custom-page.php","meta":{"_acf_changed":false,"_seopress_robots_primary_cat":"","_seopress_titles_title":"Alain Lalou: stilista innovativo e influente - L'Histoire de la Mode","_seopress_titles_desc":"Scopri le opere uniche di Alain Lalou, che veste regine e attrici con eccellenza. Creazioni ispirate all'arte e alla multicultura.","_seopress_robots_index":"","_vp_format_video_url":"","_vp_image_focal_point":[],"footnotes":""},"acf":[],"_links":{"self":[{"href":"https:\/\/laloufashiontalents.com\/it\/wp-json\/wp\/v2\/pages\/6385"}],"collection":[{"href":"https:\/\/laloufashiontalents.com\/it\/wp-json\/wp\/v2\/pages"}],"about":[{"href":"https:\/\/laloufashiontalents.com\/it\/wp-json\/wp\/v2\/types\/page"}],"author":[{"embeddable":true,"href":"https:\/\/laloufashiontalents.com\/it\/wp-json\/wp\/v2\/users\/1"}],"replies":[{"embeddable":true,"href":"https:\/\/laloufashiontalents.com\/it\/wp-json\/wp\/v2\/comments?post=6385"}],"version-history":[{"count":1,"href":"https:\/\/laloufashiontalents.com\/it\/wp-json\/wp\/v2\/pages\/6385\/revisions"}],"predecessor-version":[{"id":6403,"href":"https:\/\/laloufashiontalents.com\/it\/wp-json\/wp\/v2\/pages\/6385\/revisions\/6403"}],"wp:attachment":[{"href":"https:\/\/laloufashiontalents.com\/it\/wp-json\/wp\/v2\/media?parent=6385"}],"curies":[{"name":"wp","href":"https:\/\/api.w.org\/{rel}","templated":true}]}}