{"id":6344,"date":"2024-06-08T15:10:39","date_gmt":"2024-06-08T15:10:39","guid":{"rendered":"https:\/\/laloufashiontalents.com\/conferenze\/"},"modified":"2024-08-13T09:40:38","modified_gmt":"2024-08-13T09:40:38","slug":"conferenze","status":"publish","type":"page","link":"https:\/\/laloufashiontalents.com\/it\/conferenze\/","title":{"rendered":"CONFERENZE"},"content":{"rendered":"\t\t<div data-elementor-type=\"wp-page\" data-elementor-id=\"6344\" class=\"elementor elementor-6344 elementor-3796\" data-elementor-post-type=\"page\">\n\t\t\t\t<div class=\"elementor-element elementor-element-84db487 e-con-full elementor-hidden-mobile e-flex e-con e-parent\" data-id=\"84db487\" data-element_type=\"container\">\n\t\t\t\t<div class=\"elementor-element elementor-element-402d179 elementor-widget elementor-widget-image\" data-id=\"402d179\" data-element_type=\"widget\" data-settings=\"{&quot;aos_animation_name&quot;:&quot;none&quot;}\" data-widget_type=\"image.default\">\n\t\t\t\t<div class=\"elementor-widget-container\">\n\t\t\t<style>\/*! elementor - v3.22.0 - 17-06-2024 *\/\n.elementor-widget-image{text-align:center}.elementor-widget-image a{display:inline-block}.elementor-widget-image a img[src$=\".svg\"]{width:48px}.elementor-widget-image img{vertical-align:middle;display:inline-block}<\/style>\t\t\t\t\t\t\t\t\t\t<img fetchpriority=\"high\" decoding=\"async\" width=\"2244\" height=\"589\" src=\"https:\/\/laloufashiontalents.com\/wp-content\/uploads\/2024\/06\/Lectures.jpg\" class=\"attachment-full size-full wp-image-6345\" alt=\"\" srcset=\"https:\/\/laloufashiontalents.com\/wp-content\/uploads\/2024\/06\/Lectures.jpg 2244w, https:\/\/laloufashiontalents.com\/wp-content\/uploads\/2024\/06\/Lectures-300x79.jpg 300w, https:\/\/laloufashiontalents.com\/wp-content\/uploads\/2024\/06\/Lectures-1024x269.jpg 1024w, https:\/\/laloufashiontalents.com\/wp-content\/uploads\/2024\/06\/Lectures-768x202.jpg 768w, https:\/\/laloufashiontalents.com\/wp-content\/uploads\/2024\/06\/Lectures-1536x403.jpg 1536w, https:\/\/laloufashiontalents.com\/wp-content\/uploads\/2024\/06\/Lectures-2048x538.jpg 2048w, https:\/\/laloufashiontalents.com\/wp-content\/uploads\/2024\/06\/Lectures-500x131.jpg 500w, https:\/\/laloufashiontalents.com\/wp-content\/uploads\/2024\/06\/Lectures-800x210.jpg 800w, https:\/\/laloufashiontalents.com\/wp-content\/uploads\/2024\/06\/Lectures-1280x336.jpg 1280w, https:\/\/laloufashiontalents.com\/wp-content\/uploads\/2024\/06\/Lectures-1920x504.jpg 1920w, https:\/\/laloufashiontalents.com\/wp-content\/uploads\/2024\/06\/Lectures-700x184.jpg 700w\" sizes=\"(max-width: 2244px) 100vw, 2244px\" \/>\t\t\t\t\t\t\t\t\t\t\t\t\t<\/div>\n\t\t\t\t<\/div>\n\t\t\t\t<\/div>\n\t\t<div class=\"elementor-element elementor-element-3e4dbb9 e-con-full elementor-hidden-desktop elementor-hidden-tablet e-flex e-con e-parent\" data-id=\"3e4dbb9\" data-element_type=\"container\">\n\t\t\t\t<div class=\"elementor-element elementor-element-6de62f1 elementor-widget elementor-widget-image\" data-id=\"6de62f1\" data-element_type=\"widget\" data-settings=\"{&quot;aos_animation_name&quot;:&quot;none&quot;}\" data-widget_type=\"image.default\">\n\t\t\t\t<div class=\"elementor-widget-container\">\n\t\t\t\t\t\t\t\t\t\t\t\t\t<img decoding=\"async\" width=\"1920\" height=\"1078\" src=\"https:\/\/laloufashiontalents.com\/wp-content\/uploads\/2024\/06\/Conference.jpg\" class=\"attachment-full size-full wp-image-6346\" alt=\"\" srcset=\"https:\/\/laloufashiontalents.com\/wp-content\/uploads\/2024\/06\/Conference.jpg 1920w, https:\/\/laloufashiontalents.com\/wp-content\/uploads\/2024\/06\/Conference-300x168.jpg 300w, https:\/\/laloufashiontalents.com\/wp-content\/uploads\/2024\/06\/Conference-1024x575.jpg 1024w, https:\/\/laloufashiontalents.com\/wp-content\/uploads\/2024\/06\/Conference-768x431.jpg 768w, https:\/\/laloufashiontalents.com\/wp-content\/uploads\/2024\/06\/Conference-1536x862.jpg 1536w, https:\/\/laloufashiontalents.com\/wp-content\/uploads\/2024\/06\/Conference-500x281.jpg 500w, https:\/\/laloufashiontalents.com\/wp-content\/uploads\/2024\/06\/Conference-800x449.jpg 800w, https:\/\/laloufashiontalents.com\/wp-content\/uploads\/2024\/06\/Conference-1280x719.jpg 1280w, https:\/\/laloufashiontalents.com\/wp-content\/uploads\/2024\/06\/Conference-700x393.jpg 700w\" sizes=\"(max-width: 1920px) 100vw, 1920px\" \/>\t\t\t\t\t\t\t\t\t\t\t\t\t<\/div>\n\t\t\t\t<\/div>\n\t\t\t\t<\/div>\n\t\t<div class=\"elementor-element elementor-element-54592ea e-flex e-con-boxed e-con e-parent\" data-id=\"54592ea\" data-element_type=\"container\">\n\t\t\t\t\t<div class=\"e-con-inner\">\n\t\t\t\t<div class=\"elementor-element elementor-element-d3848f4 elementor-widget elementor-widget-heading\" data-id=\"d3848f4\" data-element_type=\"widget\" data-settings=\"{&quot;aos_animation_name&quot;:&quot;none&quot;}\" data-widget_type=\"heading.default\">\n\t\t\t\t<div class=\"elementor-widget-container\">\n\t\t\t<style>\/*! elementor - v3.22.0 - 17-06-2024 *\/\n.elementor-heading-title{padding:0;margin:0;line-height:1}.elementor-widget-heading .elementor-heading-title[class*=elementor-size-]>a{color:inherit;font-size:inherit;line-height:inherit}.elementor-widget-heading .elementor-heading-title.elementor-size-small{font-size:15px}.elementor-widget-heading .elementor-heading-title.elementor-size-medium{font-size:19px}.elementor-widget-heading .elementor-heading-title.elementor-size-large{font-size:29px}.elementor-widget-heading .elementor-heading-title.elementor-size-xl{font-size:39px}.elementor-widget-heading .elementor-heading-title.elementor-size-xxl{font-size:59px}<\/style><h2 class=\"elementor-heading-title elementor-size-default\">CONFERENZE<\/h2>\t\t<\/div>\n\t\t\t\t<\/div>\n\t\t\t\t<div class=\"elementor-element elementor-element-b0146e9 elementor-widget elementor-widget-text-editor\" data-id=\"b0146e9\" data-element_type=\"widget\" data-settings=\"{&quot;aos_animation_name&quot;:&quot;none&quot;}\" data-widget_type=\"text-editor.default\">\n\t\t\t\t<div class=\"elementor-widget-container\">\n\t\t\t<style>\/*! elementor - v3.22.0 - 17-06-2024 *\/\n.elementor-widget-text-editor.elementor-drop-cap-view-stacked .elementor-drop-cap{background-color:#69727d;color:#fff}.elementor-widget-text-editor.elementor-drop-cap-view-framed .elementor-drop-cap{color:#69727d;border:3px solid;background-color:transparent}.elementor-widget-text-editor:not(.elementor-drop-cap-view-default) .elementor-drop-cap{margin-top:8px}.elementor-widget-text-editor:not(.elementor-drop-cap-view-default) .elementor-drop-cap-letter{width:1em;height:1em}.elementor-widget-text-editor .elementor-drop-cap{float:left;text-align:center;line-height:1;font-size:50px}.elementor-widget-text-editor .elementor-drop-cap-letter{display:inline-block}<\/style>\t\t\t\t<p><strong>PROCESSO DI CREAZIONE IN<\/strong><\/p>\n<p><strong> <br><\/strong><br> C<strong>omprendere i nostri tempi ci d\u00e0 idee, subirli senza capirli ostacola la creativit\u00e0;<\/strong> a complemento della formazione accademica impartita agli studenti, le lezioni di Alain Lalou esplorano gli approcci e gli sviluppi psicologici, storici, economici e culturali del design della moda e spiegano come possono essere utilizzati per anticipare i <strong> <strong>look<\/strong> e influenzare <strong>gli atteggiamenti<\/strong>.<\/strong> Inoltre, spiega come e perch\u00e9 il marketing si sta evolvendo.<\/p>\n<p>Perch\u00e9 il design della moda gioca su <strong>meccanismi pi\u00f9 sottili delle trasgressioni.<\/strong><\/p>\n<p><strong>Queste conferenze<\/strong> incoraggiano e stimolano il pensiero degli studenti e alimentano la loro creativit\u00e0: la loro comprensione e le loro conoscenze si moltiplicano per liberare il loro potenziale.<\/p>\n<p><strong>Conferenze<\/strong><strong>progettate<\/strong> <strong>per<\/strong>: <br> <br> &#8211; aiutarti a <strong>sviluppare tutto il tuo potenziale creativo<\/strong>, &#8211; <strong>aumentare la tua capacit\u00e0 di apprendere l&#8217;armonia e la coerenza.<\/strong><\/p>\n<p><br><br><br><br> Si tratta di argomenti come: &#8211; <strong>Il processo creativo nella moda,<\/strong> &#8211; <strong>Le<\/strong> innovazioni generate dalle crisi sociali ed economiche, &#8211; Esplorare l&#8217;essenza del lusso, &#8211; Ecc. <\/p>\n<p>  Esempi di argomenti trattati nelle conferenze precedenti: <br> &nbsp;&#8211; L&#8217;intelligenza artificiale e le nuove tecnologie ci incoraggiano a pensare in modo globale: la loro influenza sulla creativit\u00e0 di oggi. <br> &#8211; L&#8217;intuizione \u00e8 sia emozione che intelletto: come possiamo stimolare questa facolt\u00e0 per ottenere una forte creativit\u00e0? <br> &#8211; Creare armonia e bellezza richiede una reale comprensione del significato di bellezza.<\/p>\n<p>&#8211; ecc.<\/p>\n<p><strong>&nbsp;Soggetti per :<\/strong><\/p>\n<ul>\n<li><strong>Stimolare l&#8217;immaginazione<\/strong><\/li>\n<li><strong>Ispirare il desiderio di creare<\/strong><\/li>\n<li><strong>Comprendere e tradurre i tempi<\/strong><\/li>\n<li><strong>Adattarsi al ritmo del mondo e lavorare sull&#8217;intuizione<\/strong>\n<p>  I nostri <strong>valori<\/strong> sono: <br> <strong>&nbsp;<\/strong><br><br> <br> &#8211; <strong><strong>professionalit\u00e0<\/strong> e <strong>qualit\u00e0 dell&#8217;organizzazione della conferenza, <\/strong> &#8211; <strong>innovazione e attualit\u00e0 dei temi proposti,<\/strong> &#8211; <strong>rilevanza delle conoscenze dei relatori<\/strong>, &#8211; <strong>eccellenza degli argomenti trattati.<\/strong><\/strong><\/p><\/li>\n<\/ul>\n<p> &nbsp; Accedi alle nostre numerose fonti di conoscenza registrandoti a :<\/p>\n<ul>\n<li>Partecipa alla nostra prossima conferenza a Parigi sull&#8217;<strong>essenza del lusso<\/strong>, il 20 settembre 2024 al prezzo di 30 euro.<\/li>\n<li>Ricevi il resoconto della conferenza una settimana dopo, al prezzo di 15 euro.<\/li>\n<\/ul>\n<p><br> Se sei un&#8217;azienda: dai alla tua azienda una reputazione creativa e innovativa sponsorizzando le nostre conferenze (informazioni su richiesta).<\/p>\n<p>  Se sei interessato, contattaci via e-mail:<\/p>\n<p><strong><em>contact@laloufashiontalents.com<\/em><\/strong><\/p>\n<p>&nbsp;<br> <br> <br> <br><br> indicando il tuo: Cognome Nome Azienda Universit\u00e0 (facoltativo) Indirizzo e-mail<\/p>\n<p><br> Indirizzo postale Sito web<\/p>\t\t\t\t\t\t<\/div>\n\t\t\t\t<\/div>\n\t\t\t\t\t<\/div>\n\t\t\t\t<\/div>\n\t\t<div class=\"elementor-element elementor-element-7da4a43f e-con-full e-flex e-con e-parent\" data-id=\"7da4a43f\" data-element_type=\"container\">\n\t\t\t\t<div class=\"elementor-element elementor-element-6c7791e7 elementor-widget elementor-widget-gallery\" data-id=\"6c7791e7\" data-element_type=\"widget\" data-settings=\"{&quot;columns&quot;:3,&quot;gap&quot;:{&quot;unit&quot;:&quot;px&quot;,&quot;size&quot;:20,&quot;sizes&quot;:[]},&quot;gallery_layout&quot;:&quot;masonry&quot;,&quot;lazyload&quot;:&quot;yes&quot;,&quot;columns_tablet&quot;:2,&quot;columns_mobile&quot;:1,&quot;gap_tablet&quot;:{&quot;unit&quot;:&quot;px&quot;,&quot;size&quot;:10,&quot;sizes&quot;:[]},&quot;gap_mobile&quot;:{&quot;unit&quot;:&quot;px&quot;,&quot;size&quot;:10,&quot;sizes&quot;:[]},&quot;link_to&quot;:&quot;file&quot;,&quot;aos_animation_name&quot;:&quot;none&quot;}\" data-widget_type=\"gallery.default\">\n\t\t\t\t<div class=\"elementor-widget-container\">\n\t\t\t<style>\/*! elementor-pro - v3.22.0 - 16-06-2024 *\/\n.elementor-gallery__container{min-height:1px}.elementor-gallery-item{position:relative;overflow:hidden;display:block;text-decoration:none;border:solid var(--image-border-width) var(--image-border-color);border-radius:var(--image-border-radius)}.elementor-gallery-item__content,.elementor-gallery-item__overlay{height:100%;width:100%;position:absolute;top:0;left:0}.elementor-gallery-item__overlay{mix-blend-mode:var(--overlay-mix-blend-mode);transition-duration:var(--overlay-transition-duration);transition-property:mix-blend-mode,transform,opacity,background-color}.elementor-gallery-item__image.e-gallery-image{transition-duration:var(--image-transition-duration);transition-property:filter,transform}.elementor-gallery-item__content{display:flex;flex-direction:column;justify-content:var(--content-justify-content,center);align-items:center;text-align:var(--content-text-align);padding:var(--content-padding)}.elementor-gallery-item__content>div{transition-duration:var(--content-transition-duration)}.elementor-gallery-item__content.elementor-gallery--sequenced-animation>div:nth-child(2){transition-delay:calc(var(--content-transition-delay) \/ 3)}.elementor-gallery-item__content.elementor-gallery--sequenced-animation>div:nth-child(3){transition-delay:calc(var(--content-transition-delay) \/ 3 * 2)}.elementor-gallery-item__content.elementor-gallery--sequenced-animation>div:nth-child(4){transition-delay:calc(var(--content-transition-delay) \/ 3 * 3)}.elementor-gallery-item__description{color:var(--description-text-color,#fff);width:100%}.elementor-gallery-item__title{color:var(--title-text-color,#fff);font-weight:700;width:100%}.elementor-gallery__titles-container{display:flex;flex-wrap:wrap;justify-content:var(--titles-container-justify-content,center);margin-bottom:20px}.elementor-gallery__titles-container:not(.e--pointer-framed) .elementor-item:after,.elementor-gallery__titles-container:not(.e--pointer-framed) .elementor-item:before{background-color:var(--galleries-pointer-bg-color-hover)}.elementor-gallery__titles-container:not(.e--pointer-framed) .elementor-item.elementor-item-active:after,.elementor-gallery__titles-container:not(.e--pointer-framed) .elementor-item.elementor-item-active:before{background-color:var(--galleries-pointer-bg-color-active)}.elementor-gallery__titles-container.e--pointer-framed .elementor-item:before{border-color:var(--galleries-pointer-bg-color-hover);border-width:var(--galleries-pointer-border-width)}.elementor-gallery__titles-container.e--pointer-framed .elementor-item:after{border-color:var(--galleries-pointer-bg-color-hover)}.elementor-gallery__titles-container.e--pointer-framed .elementor-item.elementor-item-active:after,.elementor-gallery__titles-container.e--pointer-framed .elementor-item.elementor-item-active:before{border-color:var(--galleries-pointer-bg-color-active)}.elementor-gallery__titles-container.e--pointer-framed.e--animation-draw .elementor-item:before{border-left-width:var(--galleries-pointer-border-width);border-bottom-width:var(--galleries-pointer-border-width);border-right-width:0;border-top-width:0}.elementor-gallery__titles-container.e--pointer-framed.e--animation-draw .elementor-item:after{border-left-width:0;border-bottom-width:0;border-right-width:var(--galleries-pointer-border-width);border-top-width:var(--galleries-pointer-border-width)}.elementor-gallery__titles-container.e--pointer-framed.e--animation-corners .elementor-item:before{border-left-width:var(--galleries-pointer-border-width);border-bottom-width:0;border-right-width:0;border-top-width:var(--galleries-pointer-border-width)}.elementor-gallery__titles-container.e--pointer-framed.e--animation-corners .elementor-item:after{border-left-width:0;border-bottom-width:var(--galleries-pointer-border-width);border-right-width:var(--galleries-pointer-border-width);border-top-width:0}.elementor-gallery__titles-container .e--pointer-double-line .elementor-item:after,.elementor-gallery__titles-container .e--pointer-double-line .elementor-item:before,.elementor-gallery__titles-container .e--pointer-overline .elementor-item:before,.elementor-gallery__titles-container .e--pointer-underline .elementor-item:after{height:var(--galleries-pointer-border-width)}.elementor-gallery-title{--space-between:10px;cursor:pointer;color:#6d7882;font-weight:500;position:relative;padding:7px 14px;transition:all .3s}.elementor-gallery-title--active{color:#495157}.elementor-gallery-title:not(:last-child){margin-inline-end:var(--space-between)}.elementor-gallery-item__title+.elementor-gallery-item__description{margin-top:var(--description-margin-top)}.e-gallery-item.elementor-gallery-item{transition-property:all}.e-gallery-item.elementor-animated-content .elementor-animated-item--enter-from-bottom,.e-gallery-item.elementor-animated-content .elementor-animated-item--enter-from-left,.e-gallery-item.elementor-animated-content .elementor-animated-item--enter-from-right,.e-gallery-item.elementor-animated-content .elementor-animated-item--enter-from-top,.e-gallery-item:focus .elementor-gallery__item-overlay-bg,.e-gallery-item:focus .elementor-gallery__item-overlay-content,.e-gallery-item:focus .elementor-gallery__item-overlay-content__description,.e-gallery-item:focus .elementor-gallery__item-overlay-content__title,.e-gallery-item:hover .elementor-gallery__item-overlay-bg,.e-gallery-item:hover .elementor-gallery__item-overlay-content,.e-gallery-item:hover .elementor-gallery__item-overlay-content__description,.e-gallery-item:hover .elementor-gallery__item-overlay-content__title{opacity:1}a.elementor-item.elementor-gallery-title{color:var(--galleries-title-color-normal)}a.elementor-item.elementor-gallery-title.elementor-item-active,a.elementor-item.elementor-gallery-title.highlighted,a.elementor-item.elementor-gallery-title:focus,a.elementor-item.elementor-gallery-title:hover{color:var(--galleries-title-color-hover)}a.elementor-item.elementor-gallery-title.elementor-item-active{color:var(--gallery-title-color-active)}.e-con-inner>.elementor-widget-gallery,.e-con>.elementor-widget-gallery{width:var(--container-widget-width);--flex-grow:var(--container-widget-flex-grow)}<\/style>\t\t<div class=\"elementor-gallery__container\">\n\t\t\t\t\t\t\t<a class=\"e-gallery-item elementor-gallery-item\" href=\"https:\/\/laloufashiontalents.com\/wp-content\/uploads\/2024\/07\/Carre1b.jpg\" data-elementor-open-lightbox=\"yes\" data-elementor-lightbox-slideshow=\"6c7791e7\" data-elementor-lightbox-title=\"Carr\u00e91b\" data-e-action-hash=\"#elementor-action%3Aaction%3Dlightbox%26settings%3DeyJpZCI6NTA2OSwidXJsIjoiaHR0cHM6XC9cL2xhbG91ZmFzaGlvbnRhbGVudHMuY29tXC93cC1jb250ZW50XC91cGxvYWRzXC8yMDI0XC8wN1wvQ2FycmUxYi5qcGciLCJzbGlkZXNob3ciOiI2Yzc3OTFlNyJ9\">\n\t\t\t\t\t<div class=\"e-gallery-image elementor-gallery-item__image\" data-thumbnail=\"https:\/\/laloufashiontalents.com\/wp-content\/uploads\/2024\/07\/Carre1b.jpg\" data-width=\"2362\" data-height=\"2176\" aria-label=\"\" role=\"img\" ><\/div>\n\t\t\t\t\t\t\t\t\t\t\t\t\t\t<\/a>\n\t\t\t\t\t\t\t<a class=\"e-gallery-item elementor-gallery-item\" href=\"https:\/\/laloufashiontalents.com\/wp-content\/uploads\/2024\/06\/Carre2B-1.jpg\" data-elementor-open-lightbox=\"yes\" data-elementor-lightbox-slideshow=\"6c7791e7\" data-elementor-lightbox-title=\"Carr\u00e92B\" data-e-action-hash=\"#elementor-action%3Aaction%3Dlightbox%26settings%3DeyJpZCI6NDg4MCwidXJsIjoiaHR0cHM6XC9cL2xhbG91ZmFzaGlvbnRhbGVudHMuY29tXC93cC1jb250ZW50XC91cGxvYWRzXC8yMDI0XC8wNlwvQ2FycmUyQi0xLmpwZyIsInNsaWRlc2hvdyI6IjZjNzc5MWU3In0%3D\">\n\t\t\t\t\t<div class=\"e-gallery-image elementor-gallery-item__image\" data-thumbnail=\"https:\/\/laloufashiontalents.com\/wp-content\/uploads\/2024\/06\/Carre2B-1.jpg\" data-width=\"1040\" data-height=\"1004\" aria-label=\"\" role=\"img\" ><\/div>\n\t\t\t\t\t\t\t\t\t\t\t\t\t\t<\/a>\n\t\t\t\t\t\t\t<a class=\"e-gallery-item elementor-gallery-item\" href=\"https:\/\/laloufashiontalents.com\/wp-content\/uploads\/2024\/06\/Carre3E-1.jpg\" data-elementor-open-lightbox=\"yes\" data-elementor-lightbox-slideshow=\"6c7791e7\" data-elementor-lightbox-title=\"Carr\u00e93E\" data-e-action-hash=\"#elementor-action%3Aaction%3Dlightbox%26settings%3DeyJpZCI6NDg4MSwidXJsIjoiaHR0cHM6XC9cL2xhbG91ZmFzaGlvbnRhbGVudHMuY29tXC93cC1jb250ZW50XC91cGxvYWRzXC8yMDI0XC8wNlwvQ2FycmUzRS0xLmpwZyIsInNsaWRlc2hvdyI6IjZjNzc5MWU3In0%3D\">\n\t\t\t\t\t<div class=\"e-gallery-image elementor-gallery-item__image\" data-thumbnail=\"https:\/\/laloufashiontalents.com\/wp-content\/uploads\/2024\/06\/Carre3E-1.jpg\" data-width=\"673\" data-height=\"673\" aria-label=\"\" role=\"img\" ><\/div>\n\t\t\t\t\t\t\t\t\t\t\t\t\t\t<\/a>\n\t\t\t\t\t\t\t<a class=\"e-gallery-item elementor-gallery-item\" href=\"https:\/\/laloufashiontalents.com\/wp-content\/uploads\/2024\/06\/Carre4B-1.jpg\" data-elementor-open-lightbox=\"yes\" data-elementor-lightbox-slideshow=\"6c7791e7\" data-elementor-lightbox-title=\"Carr\u00e94B\" data-e-action-hash=\"#elementor-action%3Aaction%3Dlightbox%26settings%3DeyJpZCI6NDg4MiwidXJsIjoiaHR0cHM6XC9cL2xhbG91ZmFzaGlvbnRhbGVudHMuY29tXC93cC1jb250ZW50XC91cGxvYWRzXC8yMDI0XC8wNlwvQ2FycmU0Qi0xLmpwZyIsInNsaWRlc2hvdyI6IjZjNzc5MWU3In0%3D\">\n\t\t\t\t\t<div class=\"e-gallery-image elementor-gallery-item__image\" data-thumbnail=\"https:\/\/laloufashiontalents.com\/wp-content\/uploads\/2024\/06\/Carre4B-1.jpg\" data-width=\"295\" data-height=\"295\" aria-label=\"\" role=\"img\" ><\/div>\n\t\t\t\t\t\t\t\t\t\t\t\t\t\t<\/a>\n\t\t\t\t\t\t\t<a class=\"e-gallery-item elementor-gallery-item\" href=\"https:\/\/laloufashiontalents.com\/wp-content\/uploads\/2024\/06\/Carre5B-1.jpg\" data-elementor-open-lightbox=\"yes\" data-elementor-lightbox-slideshow=\"6c7791e7\" data-elementor-lightbox-title=\"Carr\u00e95B\" data-e-action-hash=\"#elementor-action%3Aaction%3Dlightbox%26settings%3DeyJpZCI6NDg4MywidXJsIjoiaHR0cHM6XC9cL2xhbG91ZmFzaGlvbnRhbGVudHMuY29tXC93cC1jb250ZW50XC91cGxvYWRzXC8yMDI0XC8wNlwvQ2FycmU1Qi0xLmpwZyIsInNsaWRlc2hvdyI6IjZjNzc5MWU3In0%3D\">\n\t\t\t\t\t<div class=\"e-gallery-image elementor-gallery-item__image\" data-thumbnail=\"https:\/\/laloufashiontalents.com\/wp-content\/uploads\/2024\/06\/Carre5B-1.jpg\" data-width=\"295\" data-height=\"295\" aria-label=\"\" role=\"img\" ><\/div>\n\t\t\t\t\t\t\t\t\t\t\t\t\t\t<\/a>\n\t\t\t\t\t<\/div>\n\t\t\t<\/div>\n\t\t\t\t<\/div>\n\t\t\t\t<\/div>\n\t\t\t\t<\/div>\n\t\t","protected":false},"excerpt":{"rendered":"<p>CONFERENZE PROCESSO DI CREAZIONE IN Comprendere i nostri tempi ci d\u00e0 idee, subirli senza capirli ostacola la creativit\u00e0; a complemento della formazione accademica impartita agli studenti, le lezioni di Alain Lalou esplorano gli approcci e gli sviluppi psicologici, storici, economici e culturali del design della moda e spiegano come possono essere utilizzati per anticipare i [&hellip;]<\/p>\n","protected":false},"author":1,"featured_media":0,"parent":0,"menu_order":0,"comment_status":"closed","ping_status":"closed","template":"template-custom-page.php","meta":{"_acf_changed":false,"_seopress_robots_primary_cat":"","_seopress_titles_title":"Conferenze sui processi di design della moda","_seopress_titles_desc":"Partecipa alle nostre stimolanti conferenze sui processi di design della moda per liberare la tua creativit\u00e0 e anticipare i look di domani. Espandi le tue conoscenze e stimola la tua immaginazione!","_seopress_robots_index":"","_vp_format_video_url":"","_vp_image_focal_point":[],"footnotes":""},"acf":[],"_links":{"self":[{"href":"https:\/\/laloufashiontalents.com\/it\/wp-json\/wp\/v2\/pages\/6344"}],"collection":[{"href":"https:\/\/laloufashiontalents.com\/it\/wp-json\/wp\/v2\/pages"}],"about":[{"href":"https:\/\/laloufashiontalents.com\/it\/wp-json\/wp\/v2\/types\/page"}],"author":[{"embeddable":true,"href":"https:\/\/laloufashiontalents.com\/it\/wp-json\/wp\/v2\/users\/1"}],"replies":[{"embeddable":true,"href":"https:\/\/laloufashiontalents.com\/it\/wp-json\/wp\/v2\/comments?post=6344"}],"version-history":[{"count":1,"href":"https:\/\/laloufashiontalents.com\/it\/wp-json\/wp\/v2\/pages\/6344\/revisions"}],"predecessor-version":[{"id":6353,"href":"https:\/\/laloufashiontalents.com\/it\/wp-json\/wp\/v2\/pages\/6344\/revisions\/6353"}],"wp:attachment":[{"href":"https:\/\/laloufashiontalents.com\/it\/wp-json\/wp\/v2\/media?parent=6344"}],"curies":[{"name":"wp","href":"https:\/\/api.w.org\/{rel}","templated":true}]}}